{"id":529,"date":"2023-08-08T08:36:35","date_gmt":"2023-08-08T08:36:35","guid":{"rendered":"https:\/\/oks-connect.com\/?page_id=529"},"modified":"2023-08-08T08:36:51","modified_gmt":"2023-08-08T08:36:51","slug":"tb1x-manual","status":"publish","type":"page","link":"https:\/\/oks-connect.com\/en\/tb1x-manual\/","title":{"rendered":"TB1X k\u00e9zik\u00f6nyvek"},"content":{"rendered":"<p>Kedves V\u00e1s\u00e1rl\u00f3nk! Gratul\u00e1lunk \u00faj okoskapcsol\u00f3j\u00e1nak megv\u00e9tel\u00e9hez.<\/p>\n\n\n\n<p>Felhaszn\u00e1l\u00f3i k\u00e9zik\u00f6nyv:<\/p>\n\n\n\n<div data-wp-interactive=\"core\/file\" class=\"wp-block-file\"><object data-wp-bind--hidden=\"!state.hasPdfPreview\" hidden class=\"wp-block-file__embed\" data=\"https:\/\/oks-connect.com\/wp-content\/uploads\/2023\/08\/TB1X-manual-HUN.pdf\" type=\"application\/pdf\" style=\"width:100%;height:600px\" aria-label=\"Embed of TB1X-manual-HUN.\"><\/object><a id=\"wp-block-file--media-ab7f94a7-a190-4ee3-97b8-4c00ddcd3fd5\" href=\"https:\/\/oks-connect.com\/wp-content\/uploads\/2023\/08\/TB1X-manual-HUN.pdf\">TB1X-manual-HUN<\/a><a href=\"https:\/\/oks-connect.com\/wp-content\/uploads\/2023\/08\/TB1X-manual-HUN.pdf\" class=\"wp-block-file__button wp-element-button\" download aria-describedby=\"wp-block-file--media-ab7f94a7-a190-4ee3-97b8-4c00ddcd3fd5\">Let\u00f6lt\u00e9s<\/a><\/div>\n\n\n\n<p>\u00dazembehelyez\u00e9s vide\u00f3<\/p>\n\n\n\n<p>Ide ker\u00fcl majd egy youtube be\u00e1gyazott vide\u00f3 a kapcsol\u00f3 telep\u00edt\u00e9s\u00e9r\u0151l!<\/p>","protected":false},"excerpt":{"rendered":"<p>Kedves V\u00e1s\u00e1rl\u00f3nk! Gratul\u00e1lunk \u00faj okoskapcsol\u00f3j\u00e1nak megv\u00e9tel\u00e9hez. Felhaszn\u00e1l\u00f3i k\u00e9zik\u00f6nyv: \u00dazembehelyez\u00e9s vide\u00f3 Ide ker\u00fcl majd egy youtube be\u00e1gyazott vide\u00f3 a kapcsol\u00f3 telep\u00edt\u00e9s\u00e9r\u0151l!<\/p>","protected":false},"author":1,"featured_media":0,"parent":0,"menu_order":0,"comment_status":"closed","ping_status":"closed","template":"","meta":{"_eb_attr":"","inline_featured_image":false,"ocean_post_layout":"","ocean_both_sidebars_style":"","ocean_both_sidebars_content_width":0,"ocean_both_sidebars_sidebars_width":0,"ocean_sidebar":"0","ocean_second_sidebar":"0","ocean_disable_margins":"enable","ocean_add_body_class":"","ocean_shortcode_before_top_bar":"","ocean_shortcode_after_top_bar":"","ocean_shortcode_before_header":"","ocean_shortcode_after_header":"","ocean_has_shortcode":"","ocean_shortcode_after_title":"","ocean_shortcode_before_footer_widgets":"","ocean_shortcode_after_footer_widgets":"","ocean_shortcode_before_footer_bottom":"","ocean_shortcode_after_footer_bottom":"","ocean_display_top_bar":"default","ocean_display_header":"default","ocean_header_style":"","ocean_center_header_left_menu":"0","ocean_custom_header_template":"0","ocean_custom_logo":0,"ocean_custom_retina_logo":0,"ocean_custom_logo_max_width":0,"ocean_custom_logo_tablet_max_width":0,"ocean_custom_logo_mobile_max_width":0,"ocean_custom_logo_max_height":0,"ocean_custom_logo_tablet_max_height":0,"ocean_custom_logo_mobile_max_height":0,"ocean_header_custom_menu":"0","ocean_menu_typo_font_family":"0","ocean_menu_typo_font_subset":"","ocean_menu_typo_font_size":0,"ocean_menu_typo_font_size_tablet":0,"ocean_menu_typo_font_size_mobile":0,"ocean_menu_typo_font_size_unit":"px","ocean_menu_typo_font_weight":"","ocean_menu_typo_font_weight_tablet":"","ocean_menu_typo_font_weight_mobile":"","ocean_menu_typo_transform":"","ocean_menu_typo_transform_tablet":"","ocean_menu_typo_transform_mobile":"","ocean_menu_typo_line_height":0,"ocean_menu_typo_line_height_tablet":0,"ocean_menu_typo_line_height_mobile":0,"ocean_menu_typo_line_height_unit":"","ocean_menu_typo_spacing":0,"ocean_menu_typo_spacing_tablet":0,"ocean_menu_typo_spacing_mobile":0,"ocean_menu_typo_spacing_unit":"","ocean_menu_link_color":"","ocean_menu_link_color_hover":"","ocean_menu_link_color_active":"","ocean_menu_link_background":"","ocean_menu_link_hover_background":"","ocean_menu_link_active_background":"","ocean_menu_social_links_bg":"","ocean_menu_social_hover_links_bg":"","ocean_menu_social_links_color":"","ocean_menu_social_hover_links_color":"","ocean_disable_title":"enable","ocean_disable_heading":"enable","ocean_post_title":"","ocean_post_subheading":"","ocean_post_title_style":"","ocean_post_title_background_color":"","ocean_post_title_background":0,"ocean_post_title_bg_image_position":"","ocean_post_title_bg_image_attachment":"","ocean_post_title_bg_image_repeat":"","ocean_post_title_bg_image_size":"","ocean_post_title_height":0,"ocean_post_title_bg_overlay":0.5,"ocean_post_title_bg_overlay_color":"","ocean_disable_breadcrumbs":"off","ocean_breadcrumbs_color":"","ocean_breadcrumbs_separator_color":"","ocean_breadcrumbs_links_color":"","ocean_breadcrumbs_links_hover_color":"","ocean_display_footer_widgets":"default","ocean_display_footer_bottom":"default","ocean_custom_footer_template":"0","footnotes":""},"class_list":["post-529","page","type-page","status-publish","hentry","entry"],"_links":{"self":[{"href":"https:\/\/oks-connect.com\/en\/wp-json\/wp\/v2\/pages\/529","targetHints":{"allow":["GET"]}}],"collection":[{"href":"https:\/\/oks-connect.com\/en\/wp-json\/wp\/v2\/pages"}],"about":[{"href":"https:\/\/oks-connect.com\/en\/wp-json\/wp\/v2\/types\/page"}],"author":[{"embeddable":true,"href":"https:\/\/oks-connect.com\/en\/wp-json\/wp\/v2\/users\/1"}],"replies":[{"embeddable":true,"href":"https:\/\/oks-connect.com\/en\/wp-json\/wp\/v2\/comments?post=529"}],"version-history":[{"count":1,"href":"https:\/\/oks-connect.com\/en\/wp-json\/wp\/v2\/pages\/529\/revisions"}],"predecessor-version":[{"id":531,"href":"https:\/\/oks-connect.com\/en\/wp-json\/wp\/v2\/pages\/529\/revisions\/531"}],"wp:attachment":[{"href":"https:\/\/oks-connect.com\/en\/wp-json\/wp\/v2\/media?parent=529"}],"curies":[{"name":"wp","href":"https:\/\/api.w.org\/{rel}","templated":true}]}}