{"id":1034,"date":"2023-10-03T11:52:49","date_gmt":"2023-10-03T11:52:49","guid":{"rendered":"https:\/\/oks-connect.com\/?page_id=1034"},"modified":"2023-10-03T11:52:50","modified_gmt":"2023-10-03T11:52:50","slug":"suti-cookie-informacio","status":"publish","type":"page","link":"https:\/\/oks-connect.com\/en\/suti-cookie-informacio\/","title":{"rendered":"S\u00fcti (&#8222;cookie&#8221;) inform\u00e1ci\u00f3"},"content":{"rendered":"<p>Weboldalunkon \u201ecookie\u201d-kat (tov\u00e1bbiakban \u201es\u00fcti\u201d) alkalmazunk. Ezek olyan f\u00e1jlok, melyek inform\u00e1ci\u00f3t t\u00e1rolnak webes b\u00f6ng\u00e9sz\u0151j\u00e9ben. Ehhez az \u00d6n hozz\u00e1j\u00e1rul\u00e1sa sz\u00fcks\u00e9ges. A \u201es\u00fctiket\u201d az elektronikus h\u00edrk\u00f6zl\u00e9sr\u0151l sz\u00f3l\u00f3 2003. \u00e9vi C. t\u00f6rv\u00e9ny, az elektronikus kereskedelmi szolg\u00e1ltat\u00e1sok, az inform\u00e1ci\u00f3s t\u00e1rsadalommal \u00f6sszef\u00fcgg\u0151 szolg\u00e1ltat\u00e1sok egyes k\u00e9rd\u00e9seir\u0151l sz\u00f3l\u00f3 2001. \u00e9vi CVIII. t\u00f6rv\u00e9ny, valamint az Eur\u00f3pai Uni\u00f3 el\u0151\u00edr\u00e1sainak megfelel\u0151en haszn\u00e1ljuk. Azon weblapoknak, melyek az Eur\u00f3pai Uni\u00f3 orsz\u00e1gain bel\u00fcl m\u0171k\u00f6dnek, a \u201es\u00fctik\u201d haszn\u00e1lat\u00e1hoz, \u00e9s ezeknek a felhaszn\u00e1l\u00f3 sz\u00e1m\u00edt\u00f3g\u00e9p\u00e9n vagy egy\u00e9b eszk\u00f6z\u00e9n t\u00f6rt\u00e9n\u0151 t\u00e1rol\u00e1s\u00e1hoz a felhaszn\u00e1l\u00f3k hozz\u00e1j\u00e1rul\u00e1s\u00e1t kell k\u00e9rni\u00fck. 1. \u201eS\u00fctik\u201d haszn\u00e1lat\u00e1nak szab\u00e1lyzata Ez a szab\u00e1lyzat a nevetnikek.hu weboldal \u201es\u00fctijeire\u201d vonatkozik.<\/p>\n\n\n\n<p><strong>2. Mik azok a \u201es\u00fctik\u201d?<\/strong><\/p>\n\n\n\n<p>A \u201es\u00fctik\u201d olyan kism\u00e9ret\u0171 f\u00e1jlok, melyek bet\u0171ket \u00e9s sz\u00e1mokat tartalmaznak. A \u201es\u00fcti\u201d a webszerver \u00e9s a felhaszn\u00e1l\u00f3 b\u00f6ng\u00e9sz\u0151je k\u00f6z\u00f6tti inform\u00e1ci\u00f3csere eszk\u00f6ze. Ezek az adatf\u00e1jlok nem futtathat\u00f3k, nem tartalmaznak k\u00e9mprogramokat \u00e9s v\u00edrusokat, tov\u00e1bb\u00e1 nem f\u00e9rhetnek hozz\u00e1 a felhaszn\u00e1l\u00f3k merevlemez-tartalm\u00e1hoz.<\/p>\n\n\n\n<p><strong>3. Mire haszn\u00e1lhat\u00f3k a \u201es\u00fctik\u201d?<\/strong><\/p>\n\n\n\n<p>A \u201es\u00fctik\u201d \u00e1ltal k\u00fcld\u00f6tt inform\u00e1ci\u00f3k seg\u00edts\u00e9g\u00e9vel az internetb\u00f6ng\u00e9sz\u0151k k\u00f6nnyebben felismerhet\u0151k, \u00edgy a felhaszn\u00e1l\u00f3k relev\u00e1ns \u00e9s \u201eszem\u00e9lyre szabott\u201d tartalmat kapnak. A cookie-k k\u00e9nyelmesebb\u00e9 teszik a b\u00f6ng\u00e9sz\u00e9st, \u00e9rtve ez alatt az online adatbiztons\u00e1ggal kapcsolatos ig\u00e9nyeket \u00e9s a relev\u00e1ns rekl\u00e1mokat. A \u201es\u00fctik\u201d seg\u00edts\u00e9g\u00e9vel a weboldalak \u00fczemeltet\u0151i n\u00e9vtelen (anonim) statisztik\u00e1kat is k\u00e9sz\u00edthetnek az oldall\u00e1togat\u00f3k szok\u00e1sair\u00f3l. Ezek felhaszn\u00e1l\u00e1s\u00e1val az oldal szerkeszt\u0151i m\u00e9g jobban szem\u00e9lyre tudj\u00e1k szabni az oldal kin\u00e9zet\u00e9t \u00e9s tartalm\u00e1t.<\/p>\n\n\n\n<p><strong>4. Milyen \u201es\u00fctikkel\u201d tal\u00e1lkozhat?<\/strong><\/p>\n\n\n\n<p>Ideiglenes \u201es\u00fctik\u201d, melyek addig maradnak eszk\u00f6z\u00e9n, am\u00edg el nem hagyja weboldalt.<\/p>\n\n\n\n<p>\u00c1lland\u00f3 \u201es\u00fctik\u201d, melyek webes keres\u0151j\u00e9nek be\u00e1ll\u00edt\u00e1s\u00e1t\u00f3l f\u00fcgg\u0151en hosszabb ideig, vagy eg\u00e9szen addig az eszk\u00f6z\u00e9n maradnak, am\u00edg azokat \u00d6n nem t\u00f6rli.<\/p>\n\n\n\n<p>Harmadik f\u00e9lt\u0151l sz\u00e1rmaz\u00f3 \u201es\u00fctik\u201d, melyeket harmadik f\u00e9l helyez el az \u00d6n b\u00f6ng\u00e9sz\u0151j\u00e9ben (pl. Google Analitika). Ezek abban az esetben ker\u00fclnek ab\u00f6ng\u00e9sz\u0151j\u00e9ben elhelyez\u00e9sre, ha a megl\u00e1togatott weboldal haszn\u00e1lja a harmadik f\u00e9l \u00e1ltal ny\u00fajtott szolg\u00e1ltat\u00e1sokat.<\/p>\n\n\n\n<p>Elengedhetetlen munkamenet (session-id) \u201es\u00fctik\u201d: Ezek haszn\u00e1lata elengedhetetlen a weboldalon t\u00f6rt\u00e9n\u0151 navig\u00e1l\u00e1shoz, a weboldal funkci\u00f3inakm\u0171k\u00f6d\u00e9s\u00e9hez. Ezek elfogad\u00e1sa n\u00e9lk\u00fcl a honlap, illetve annak egyes r\u00e9szei nem, vagy hib\u00e1san jelenhetnek meg.<\/p>\n\n\n\n<p>Analitikai vagy teljes\u00edtm\u00e9nyfigyel\u0151 \u201es\u00fctik\u201d: Ezek seg\u00edtenek abban, hogy megk\u00fcl\u00f6nb\u00f6ztess\u00fck a weboldal l\u00e1togat\u00f3it, \u00e9s adatokat gy\u0171jts\u00fcnk arr\u00f3l, hogy al\u00e1togat\u00f3k hogyan viselkednek a weboldalon. Ezekkel a \u201es\u00fctikkel\u201d biztos\u00edtjuk p\u00e9ld\u00e1ul, hogy a weboldal az \u00d6n \u00e1ltal k\u00e9rt esetekben megjegyezze abejelentkez\u00e9st. Ezek nem gy\u0171jtenek \u00d6nt azonos\u00edtani k\u00e9pes inform\u00e1ci\u00f3kat, az adatokat \u00f6sszes\u00edtve \u00e9s n\u00e9vtelen\u00fcl t\u00e1rolj\u00e1k. ( pl: Google Analitika)<\/p>\n\n\n\n<p>Funkcion\u00e1lis \u201es\u00fctik\u201d: E s\u00fctik feladata a felhaszn\u00e1l\u00f3i \u00e9lm\u00e9ny jav\u00edt\u00e1sa. \u00c9szlelik, \u00e9s t\u00e1rolj\u00e1k p\u00e9ld\u00e1ul, hogy milyen eszk\u00f6zzel nyitotta meg a honlapot, vagy az \u00d6n\u00e1ltal kor\u00e1bban megadott, \u00e9s t\u00e1rolni k\u00e9rt adatait: p\u00e9ld\u00e1ul automatikus bejelentkez\u00e9s, a v\u00e1lasztott nyelv, a sz\u00f6vegm\u00e9retben, bet\u0171t\u00edpusban vagy a honlap egy\u00e9btestre szabhat\u00f3 elem\u00e9ben \u00d6n \u00e1ltal v\u00e9grehajtott felhaszn\u00e1l\u00f3i v\u00e1ltoztat\u00e1sok. Ezek a \u201es\u00fctik\u201d nem k\u00f6vetik nyomon az \u00d6n m\u00e1s weboldalakon folytatotttev\u00e9kenys\u00e9g\u00e9t. Az \u00e1ltaluk gy\u0171jt\u00f6tt inform\u00e1ci\u00f3kban lehetnek azonban szem\u00e9lyes azonos\u00edt\u00f3 adatok, amelyeket \u00d6n megosztott.<\/p>\n\n\n\n<p>C\u00e9lzott vagy rekl\u00e1m \u201es\u00fctik\u201d: Ezek seg\u00edts\u00e9g\u00e9vel a weboldalak az \u00d6n \u00e9rdekl\u0151d\u00e9si k\u00f6r\u00e9nek legink\u00e1bb megfelel\u0151 inform\u00e1ci\u00f3t (marketing) tudnak ny\u00fajtani. Ehhezaz \u00d6n kifejezett belegyez\u00e9se sz\u00fcks\u00e9ges. Ezek a s\u00fctik r\u00e9szletes inform\u00e1ci\u00f3kat gy\u0171jtenek b\u00f6ng\u00e9sz\u00e9si szok\u00e1sair\u00f3l.<\/p>\n\n\n\n<p><strong>5. Tartalmaznak a \u201es\u00fctik\u201d szem\u00e9lyes adatokat?<\/strong><\/p>\n\n\n\n<p>A legt\u00f6bb \u201es\u00fcti\u201d nem tartalmaz szem\u00e9lyes inform\u00e1ci\u00f3kat, seg\u00edts\u00e9g\u00e9vel nem azonos\u00edthat\u00f3k a felhaszn\u00e1l\u00f3k. A t\u00e1rolt adatok a k\u00e9nyelmesebb b\u00f6ng\u00e9sz\u00e9s\u00e9rt sz\u00fcks\u00e9gesek, t\u00e1rol\u00e1suk olyan m\u00f3don t\u00f6rt\u00e9nik, hogy jogosulatlan szem\u00e9ly nem f\u00e9rhet hozz\u00e1juk.<\/p>\n\n\n\n<p><strong>6. Mi\u00e9rt fontosak a \u201es\u00fctik\u201d az interneten?<\/strong><\/p>\n\n\n\n<p>A \u201es\u00fctik\u201d szerepe, hogy k\u00e9nyelmesebb\u00e9 tegy\u00e9k a felhaszn\u00e1l\u00f3k sz\u00e1m\u00e1ra a b\u00f6ng\u00e9sz\u00e9st, hiszen a b\u00f6ng\u00e9sz\u00e9si el\u0151zm\u00e9nyek r\u00e9v\u00e9n \u00e1ll\u00edtja be a felhaszn\u00e1l\u00f3knak a rekl\u00e1mokat, tartalmakat. A \u201es\u00fctik\u201d letilt\u00e1sa vagy korl\u00e1toz\u00e1sa n\u00e9h\u00e1ny weboldalt haszn\u00e1lhatatlann\u00e1 tesz. A letiltott vagy korl\u00e1tozott \u201es\u00fctik\u201d azonban nem jelentik azt, hogy a felhaszn\u00e1l\u00f3knak nem jelennek meg hirdet\u00e9sek, csup\u00e1n a megjelen\u0151 hirdet\u00e9sek \u00e9s tartalmak nem \u201eszem\u00e9lyre szabottak\u201d, azaz nem igazodnak a felhaszn\u00e1l\u00f3 ig\u00e9nyeihez \u00e9s \u00e9rdekl\u0151d\u00e9si k\u00f6r\u00e9hez. N\u00e9h\u00e1ny minta a \u201es\u00fctik\u201d felhaszn\u00e1l\u00e1s\u00e1ra:A felhaszn\u00e1l\u00f3 ig\u00e9nyeihez igaz\u00edtott tartalmak, szolg\u00e1ltat\u00e1sok, term\u00e9kek megjelen\u00edt\u00e9se.A felhaszn\u00e1l\u00f3 \u00e9rdekl\u0151d\u00e9si k\u00f6re szerint kialak\u00edtott aj\u00e1nlatok.Az \u00f6n \u00e1ltal k\u00e9rt esetben a bejelentkez\u00e9s megjegyz\u00e9se (maradjon bejelentkezve).Internetes tartalmakra vonatkoz\u00f3 gyermekv\u00e9delmi sz\u0171r\u0151k megjegyz\u00e9se (family mode opci\u00f3k, safe search funkci\u00f3k).Rekl\u00e1mok gyakoris\u00e1g\u00e1nak korl\u00e1toz\u00e1sa; azaz, egy rekl\u00e1m megjelen\u00edt\u00e9s\u00e9nek sz\u00e1mszer\u0171 korl\u00e1toz\u00e1sa a felhaszn\u00e1l\u00f3 r\u00e9sz\u00e9re adott weboldalon.A felhaszn\u00e1l\u00f3 sz\u00e1m\u00e1ra relev\u00e1ns rekl\u00e1mok megjelen\u00edt\u00e9se.Geotargeting<\/p>\n\n\n\n<p><strong>7. Biztons\u00e1ggal \u00e9s adatbiztons\u00e1ggal kapcsolatos t\u00e9nyez\u0151k.<\/strong><\/p>\n\n\n\n<p>A \u201es\u00fctik\u201d nem v\u00edrusok \u00e9s k\u00e9mprogramok. Mivel egyszer\u0171 sz\u00f6veg t\u00edpus\u00fa f\u00e1jlok, ez\u00e9rt nem futtathat\u00f3k, teh\u00e1t nem tekinthet\u0151k programoknak. El\u0151fordulhat azonban, hogy m\u00e1s sz\u00e1nd\u00e9kkal (rosszindulattal) rejtenek el inform\u00e1ci\u00f3kat a \u201es\u00fctiben\u201d, \u00edgy azok spyware-k\u00e9nt m\u0171k\u00f6dhetnek. Emiatt a v\u00edruskeres\u0151 \u00e9s \u2013irt\u00f3 programok a \u201es\u00fctiket\u201d folyamatosan t\u00f6rl\u00e9sre \u00edt\u00e9lhetik. Mivel az internet b\u00f6ng\u00e9sz\u00e9sre haszn\u00e1lt eszk\u00f6z \u00e9s a webszerverek folyamatosan kommunik\u00e1lnak, teh\u00e1t oda-vissza k\u00fcldik az adatokat, ez\u00e9rt ha egy t\u00e1mad\u00f3 (hekker) beavatkozik a folyamatba, kinyerheti a \u201es\u00fctik\u201d \u00e1ltal t\u00e1rolt inform\u00e1ci\u00f3kat. Ennek egyik oka lehet p\u00e9ld\u00e1ul a nem megfelel\u0151 m\u00f3don titkos\u00edtott internet (WiFi) be\u00e1ll\u00edt\u00e1s. Ezt a r\u00e9st kihaszn\u00e1lva adatokat nyerhetnek ki a \u201es\u00fctikb\u0151l\u201d.<\/p>\n\n\n\n<p><strong>8. A \u201es\u00fctik\u201d kezel\u00e9se, t\u00f6rl\u00e9se<\/strong><\/p>\n\n\n\n<p>A \u201es\u00fctiket\u201d a haszn\u00e1lt b\u00f6ng\u00e9sz\u0151programokban lehet t\u00f6r\u00f6lni vagy letiltani. A b\u00f6ng\u00e9sz\u0151k alap\u00e9rtelmezett m\u00f3don enged\u00e9lyezik a \u201es\u00fctik\u201d elhelyez\u00e9s\u00e9t. Ezt a b\u00f6ng\u00e9sz\u0151 be\u00e1ll\u00edt\u00e1sain\u00e1l lehet letiltani, valamint a megl\u00e9v\u0151ket t\u00f6r\u00f6lni. Mindemellett be\u00e1ll\u00edthat\u00f3 az is, hogy a b\u00f6ng\u00e9sz\u0151 \u00e9rtes\u00edt\u00e9st k\u00fcldj\u00f6n a felhaszn\u00e1l\u00f3nak, amikor \u201es\u00fctit\u201d k\u00fcld az eszk\u00f6zre. Fontos hangs\u00falyozni azonban, hogy ezen f\u00e1jlok letilt\u00e1sa vagy korl\u00e1toz\u00e1sa rontja a b\u00f6ng\u00e9sz\u00e9si \u00e9lm\u00e9nyt, valamint hiba jelentkezhet a weboldal funkci\u00f3j\u00e1ban is.A be\u00e1ll\u00edt\u00e1si lehet\u0151s\u00e9gek \u00e1ltal\u00e1ban a b\u00f6ng\u00e9sz\u0151 \u201eOpci\u00f3k\u201d vagy \u201eBe\u00e1ll\u00edt\u00e1sok\u201d men\u00fcpontj\u00e1ban tal\u00e1lhat\u00f3k. Mindegyik webes keres\u0151 k\u00fcl\u00f6nb\u00f6z\u0151, \u00edgy a megfelel\u0151 be\u00e1ll\u00edt\u00e1sokhoz k\u00e9rj\u00fck. haszn\u00e1lja keres\u0151je \u201cSeg\u00edts\u00e9g\u201d men\u00fcj\u00e9t, illetve az al\u00e1bbi linkeket a s\u00fctik be\u00e1ll\u00edt\u00e1sainak m\u00f3dos\u00edt\u00e1s\u00e1hoz:<\/p>\n\n\n\n<p><a href=\"https:\/\/support.microsoft.com\/hu-hu\/help\/17442\/windows-internet-explorer-delete-manage-cookies\" target=\"_blank\" rel=\"noreferrer noopener\">Cookie settings in Internet Explorer<\/a><\/p>\n\n\n\n<p><a href=\"https:\/\/support.mozilla.org\/en-US\/kb\/cookies-information-websites-store-on-your-computer?redirectlocale=en-US&amp;redirectslug=Cookies\" target=\"_blank\" rel=\"noreferrer noopener\">Cookie settings in Firefox<\/a><\/p>\n\n\n\n<p><a href=\"https:\/\/support.google.com\/chrome\/answer\/95647?hl=en\" target=\"_blank\" rel=\"noreferrer noopener\">Cookie settings in Chrome<\/a><\/p>\n\n\n\n<p><a href=\"https:\/\/support.apple.com\/kb\/PH5042?locale=en_US\" target=\"_blank\" rel=\"noreferrer noopener\">Cookie settings in Safari<\/a><\/p>\n\n\n\n<p>Az anonim Google Analitika \u201es\u00fctik\u201d kikapcsol\u00e1s\u00e1hoz egy \u00fagynevezett \u201eGoogle Analytics plug-in\u201d-t (kieg\u00e9sz\u00edt\u0151t) telep\u00edthet a b\u00f6ng\u00e9sz\u0151j\u00e9be, mely megakad\u00e1lyozza, hogy a honlap az \u00d6nre vonatkoz\u00f3 inform\u00e1ci\u00f3kat k\u00fcldj\u00f6n a Google Analitik\u00e1nak. Ezzel kapcsolatban tov\u00e1bbi inform\u00e1ci\u00f3kat az al\u00e1bbi linkeken tal\u00e1l:<\/p>\n\n\n\n<p>Google Analytics &amp; Privacy vagy Google Elvek \u00e9s Ir\u00e1nyelvek.<\/p>\n\n\n\n<p><strong>9. Tov\u00e1bbi hasznos linkek<\/strong><\/p>\n\n\n\n<p>Ha szeretne t\u00f6bbet megtudni a \u201es\u00fctik\u201d-r\u0151l, azok felhaszn\u00e1l\u00e1s\u00e1r\u00f3l:<\/p>\n\n\n\n<p><a href=\"https:\/\/support.microsoft.com\/en-us\/topic\/description-of-cookies-ad01aa7e-66c9-8ab2-7898-6652c100999d\" target=\"_blank\" rel=\"noreferrer noopener\">Microsoft Description of Cookies<\/a><\/p>\n\n\n\n<p><a href=\"https:\/\/nevetnikek.hu\/cookie\/www.allaboutcookies.org\/\" target=\"_blank\" rel=\"noreferrer noopener\">All About Cookies<\/a><\/p>\n\n\n\n<p><a rel=\"noreferrer noopener\" href=\"https:\/\/www.facebook.com\/help\/cookies\/\" target=\"_blank\">Facebook cookies<\/a><\/p>","protected":false},"excerpt":{"rendered":"<p>Weboldalunkon \u201ecookie\u201d-kat (tov\u00e1bbiakban \u201es\u00fcti\u201d) alkalmazunk. Ezek olyan f\u00e1jlok, melyek inform\u00e1ci\u00f3t t\u00e1rolnak webes b\u00f6ng\u00e9sz\u0151j\u00e9ben. Ehhez az \u00d6n hozz\u00e1j\u00e1rul\u00e1sa sz\u00fcks\u00e9ges. A \u201es\u00fctiket\u201d az elektronikus h\u00edrk\u00f6zl\u00e9sr\u0151l sz\u00f3l\u00f3 2003. \u00e9vi C. t\u00f6rv\u00e9ny, az elektronikus kereskedelmi szolg\u00e1ltat\u00e1sok, az inform\u00e1ci\u00f3s t\u00e1rsadalommal \u00f6sszef\u00fcgg\u0151 szolg\u00e1ltat\u00e1sok egyes k\u00e9rd\u00e9seir\u0151l sz\u00f3l\u00f3 2001. \u00e9vi CVIII. t\u00f6rv\u00e9ny, valamint az Eur\u00f3pai Uni\u00f3 el\u0151\u00edr\u00e1sainak megfelel\u0151en haszn\u00e1ljuk. Azon weblapoknak, melyek az [&hellip;]<\/p>","protected":false},"author":1,"featured_media":0,"parent":0,"menu_order":0,"comment_status":"closed","ping_status":"closed","template":"","meta":{"_eb_attr":"","inline_featured_image":false,"ocean_post_layout":"","ocean_both_sidebars_style":"","ocean_both_sidebars_content_width":0,"ocean_both_sidebars_sidebars_width":0,"ocean_sidebar":"","ocean_second_sidebar":"","ocean_disable_margins":"enable","ocean_add_body_class":"","ocean_shortcode_before_top_bar":"","ocean_shortcode_after_top_bar":"","ocean_shortcode_before_header":"","ocean_shortcode_after_header":"","ocean_has_shortcode":"","ocean_shortcode_after_title":"","ocean_shortcode_before_footer_widgets":"","ocean_shortcode_after_footer_widgets":"","ocean_shortcode_before_footer_bottom":"","ocean_shortcode_after_footer_bottom":"","ocean_display_top_bar":"default","ocean_display_header":"default","ocean_header_style":"","ocean_center_header_left_menu":"","ocean_custom_header_template":"","ocean_custom_logo":0,"ocean_custom_retina_logo":0,"ocean_custom_logo_max_width":0,"ocean_custom_logo_tablet_max_width":0,"ocean_custom_logo_mobile_max_width":0,"ocean_custom_logo_max_height":0,"ocean_custom_logo_tablet_max_height":0,"ocean_custom_logo_mobile_max_height":0,"ocean_header_custom_menu":"","ocean_menu_typo_font_family":"","ocean_menu_typo_font_subset":"","ocean_menu_typo_font_size":0,"ocean_menu_typo_font_size_tablet":0,"ocean_menu_typo_font_size_mobile":0,"ocean_menu_typo_font_size_unit":"px","ocean_menu_typo_font_weight":"","ocean_menu_typo_font_weight_tablet":"","ocean_menu_typo_font_weight_mobile":"","ocean_menu_typo_transform":"","ocean_menu_typo_transform_tablet":"","ocean_menu_typo_transform_mobile":"","ocean_menu_typo_line_height":0,"ocean_menu_typo_line_height_tablet":0,"ocean_menu_typo_line_height_mobile":0,"ocean_menu_typo_line_height_unit":"","ocean_menu_typo_spacing":0,"ocean_menu_typo_spacing_tablet":0,"ocean_menu_typo_spacing_mobile":0,"ocean_menu_typo_spacing_unit":"","ocean_menu_link_color":"","ocean_menu_link_color_hover":"","ocean_menu_link_color_active":"","ocean_menu_link_background":"","ocean_menu_link_hover_background":"","ocean_menu_link_active_background":"","ocean_menu_social_links_bg":"","ocean_menu_social_hover_links_bg":"","ocean_menu_social_links_color":"","ocean_menu_social_hover_links_color":"","ocean_disable_title":"default","ocean_disable_heading":"default","ocean_post_title":"","ocean_post_subheading":"","ocean_post_title_style":"","ocean_post_title_background_color":"","ocean_post_title_background":0,"ocean_post_title_bg_image_position":"","ocean_post_title_bg_image_attachment":"","ocean_post_title_bg_image_repeat":"","ocean_post_title_bg_image_size":"","ocean_post_title_height":0,"ocean_post_title_bg_overlay":0.5,"ocean_post_title_bg_overlay_color":"","ocean_disable_breadcrumbs":"default","ocean_breadcrumbs_color":"","ocean_breadcrumbs_separator_color":"","ocean_breadcrumbs_links_color":"","ocean_breadcrumbs_links_hover_color":"","ocean_display_footer_widgets":"default","ocean_display_footer_bottom":"default","ocean_custom_footer_template":"","footnotes":""},"class_list":["post-1034","page","type-page","status-publish","hentry","entry"],"_links":{"self":[{"href":"https:\/\/oks-connect.com\/en\/wp-json\/wp\/v2\/pages\/1034","targetHints":{"allow":["GET"]}}],"collection":[{"href":"https:\/\/oks-connect.com\/en\/wp-json\/wp\/v2\/pages"}],"about":[{"href":"https:\/\/oks-connect.com\/en\/wp-json\/wp\/v2\/types\/page"}],"author":[{"embeddable":true,"href":"https:\/\/oks-connect.com\/en\/wp-json\/wp\/v2\/users\/1"}],"replies":[{"embeddable":true,"href":"https:\/\/oks-connect.com\/en\/wp-json\/wp\/v2\/comments?post=1034"}],"version-history":[{"count":2,"href":"https:\/\/oks-connect.com\/en\/wp-json\/wp\/v2\/pages\/1034\/revisions"}],"predecessor-version":[{"id":1036,"href":"https:\/\/oks-connect.com\/en\/wp-json\/wp\/v2\/pages\/1034\/revisions\/1036"}],"wp:attachment":[{"href":"https:\/\/oks-connect.com\/en\/wp-json\/wp\/v2\/media?parent=1034"}],"curies":[{"name":"wp","href":"https:\/\/api.w.org\/{rel}","templated":true}]}}